{"id":223,"date":"2020-09-07T16:56:37","date_gmt":"2020-09-07T14:56:37","guid":{"rendered":"https:\/\/www.e-clap.be\/\/?page_id=223"},"modified":"2020-09-28T13:01:54","modified_gmt":"2020-09-28T11:01:54","slug":"nieuws","status":"publish","type":"page","link":"https:\/\/www.e-clap.be\/index.php\/nl\/nieuws\/","title":{"rendered":"Nieuws"},"content":{"rendered":"<p>[et_pb_section fb_built=\u00a0\u00bb1&Prime; admin_label=\u00a0\u00bbSection\u00a0\u00bb _builder_version=\u00a0\u00bb4.6.1&Prime; _module_preset=\u00a0\u00bbdefault\u00a0\u00bb background_image=\u00a0\u00bbhttps:\/\/www.e-clap.be\/wp-content\/uploads\/2020\/09\/e-clap_Banner-scaled.jpg\u00a0\u00bb background_position=\u00a0\u00bbtop_left\u00a0\u00bb custom_padding=\u00a0\u00bb0px|||||\u00a0\u00bb hover_enabled=\u00a0\u00bb0&Prime; title_text=\u00a0\u00bbe-clap_Banner\u00a0\u00bb sticky_enabled=\u00a0\u00bb0&Prime;][et_pb_row _builder_version=\u00a0\u00bb4.6.0&Prime; _module_preset=\u00a0\u00bbdefault\u00a0\u00bb width=\u00a0\u00bb100%\u00a0\u00bb custom_padding=\u00a0\u00bb0px|||||\u00a0\u00bb][et_pb_column type=\u00a0\u00bb4_4&Prime; _builder_version=\u00a0\u00bb4.6.0&Prime; _module_preset=\u00a0\u00bbdefault\u00a0\u00bb][et_pb_image src=\u00a0\u00bbhttps:\/\/www.e-clap.be\/\/wp-content\/uploads\/2020\/09\/img_Logo_e-clap.png\u00a0\u00bb title_text=\u00a0\u00bbimg_Logo_e-clap\u00a0\u00bb url=\u00a0\u00bbhttps:\/\/www.e-clap.be\/\/index.php\/nl\/\u00a0\u00bb _builder_version=\u00a0\u00bb4.6.1&Prime; _module_preset=\u00a0\u00bbdefault\u00a0\u00bb width=\u00a0\u00bb50%\u00a0\u00bb custom_margin=\u00a0\u00bb|||-7%|false|false\u00a0\u00bb][\/et_pb_image][\/et_pb_column][\/et_pb_row][et_pb_row _builder_version=\u00a0\u00bb4.6.0&Prime; _module_preset=\u00a0\u00bbdefault\u00a0\u00bb custom_margin=\u00a0\u00bb5%||||false|false\u00a0\u00bb custom_padding=\u00a0\u00bb||||false|false\u00a0\u00bb][et_pb_column type=\u00a0\u00bb4_4&Prime; _builder_version=\u00a0\u00bb4.6.0&Prime; _module_preset=\u00a0\u00bbdefault\u00a0\u00bb][et_pb_text _builder_version=\u00a0\u00bb4.6.1&Prime; _module_preset=\u00a0\u00bbdefault\u00a0\u00bb text_font=\u00a0\u00bbPoppins|200|||||||\u00a0\u00bb text_text_color=\u00a0\u00bb#ffffff\u00a0\u00bb text_font_size=\u00a0\u00bb42px\u00a0\u00bb text_line_height=\u00a0\u00bb1.4em\u00a0\u00bb text_orientation=\u00a0\u00bbright\u00a0\u00bb custom_margin=\u00a0\u00bb|-10%|||false|false\u00a0\u00bb]<\/p>\n<p><span>Deskundige op het gebied van energiestrategie<\/span><\/p>\n<div id=\"gtx-trans\" style=\"position: absolute; left: 72px; top: 47px;\">\n<div class=\"gtx-trans-icon\"><\/div>\n<\/div>\n<p>[\/et_pb_text][\/et_pb_column][\/et_pb_row][\/et_pb_section][et_pb_section fb_built=\u00a0\u00bb1&Prime; admin_label=\u00a0\u00bbSection\u00a0\u00bb module_id=\u00a0\u00bbpresentation\u00a0\u00bb _builder_version=\u00a0\u00bb4.6.0&Prime; _module_preset=\u00a0\u00bbdefault\u00a0\u00bb background_color=\u00a0\u00bb#ECF0F5&Prime; custom_padding=\u00a0\u00bb0px||0px|||\u00a0\u00bb][et_pb_row module_id=\u00a0\u00bbprestations\u00a0\u00bb _builder_version=\u00a0\u00bb4.6.0&Prime; _module_preset=\u00a0\u00bbdefault\u00a0\u00bb background_color=\u00a0\u00bb#ffffff\u00a0\u00bb width=\u00a0\u00bbauto\u00a0\u00bb locked=\u00a0\u00bboff\u00a0\u00bb][et_pb_column type=\u00a0\u00bb4_4&Prime; _builder_version=\u00a0\u00bb4.6.0&Prime; _module_preset=\u00a0\u00bbdefault\u00a0\u00bb][et_pb_text admin_label=\u00a0\u00bbPrestations\u00a0\u00bb _builder_version=\u00a0\u00bb4.6.1&Prime; _module_preset=\u00a0\u00bbdefault\u00a0\u00bb text_font=\u00a0\u00bbPoppins|||on|||||\u00a0\u00bb text_text_color=\u00a0\u00bb#2A4367&Prime; text_font_size=\u00a0\u00bb32px\u00a0\u00bb text_orientation=\u00a0\u00bbcenter\u00a0\u00bb]<\/p>\n<p>Nieuws<\/p>\n<div id=\"gtx-trans\" style=\"position: absolute; left: -32px; top: 47px;\">\n<div class=\"gtx-trans-icon\"><\/div>\n<\/div>\n<p>[\/et_pb_text][\/et_pb_column][\/et_pb_row][et_pb_row use_custom_gutter=\u00a0\u00bbon\u00a0\u00bb _builder_version=\u00a0\u00bb4.6.0&Prime; _module_preset=\u00a0\u00bbdefault\u00a0\u00bb background_color=\u00a0\u00bb#ffffff\u00a0\u00bb width=\u00a0\u00bbauto\u00a0\u00bb custom_margin=\u00a0\u00bb||0px||false|false\u00a0\u00bb custom_padding=\u00a0\u00bb|2%|0px|2%|false|true\u00a0\u00bb][et_pb_column type=\u00a0\u00bb4_4&Prime; _builder_version=\u00a0\u00bb4.6.0&Prime; _module_preset=\u00a0\u00bbdefault\u00a0\u00bb][et_pb_blog fullwidth=\u00a0\u00bboff\u00a0\u00bb include_categories=\u00a0\u00bball\u00a0\u00bb meta_date=\u00a0\u00bbM Y\u00a0\u00bb show_author=\u00a0\u00bboff\u00a0\u00bb show_categories=\u00a0\u00bboff\u00a0\u00bb _builder_version=\u00a0\u00bb4.6.1&Prime; _module_preset=\u00a0\u00bbdefault\u00a0\u00bb header_font=\u00a0\u00bbPoppins|300|||||||\u00a0\u00bb header_text_color=\u00a0\u00bb#2A4367&Prime; header_font_size=\u00a0\u00bb20px\u00a0\u00bb body_font=\u00a0\u00bbPoppins|300|||||||\u00a0\u00bb body_text_color=\u00a0\u00bb#2A4367&Prime; meta_font=\u00a0\u00bbPoppins|300|||||||\u00a0\u00bb meta_text_color=\u00a0\u00bb#2A4367&Prime; custom_margin=\u00a0\u00bb||0px||false|false\u00a0\u00bb custom_padding=\u00a0\u00bb||0px||false|false\u00a0\u00bb border_width_all=\u00a0\u00bb0.1px\u00a0\u00bb border_color_all=\u00a0\u00bbrgba(24,156,217,0.25)\u00a0\u00bb][\/et_pb_blog][\/et_pb_column][\/et_pb_row][\/et_pb_section]<\/p>\n","protected":false},"excerpt":{"rendered":"<p>Deskundige op het gebied van energiestrategie Nieuws<\/p>\n","protected":false},"author":1,"featured_media":0,"parent":0,"menu_order":0,"comment_status":"closed","ping_status":"closed","template":"","meta":{"_et_pb_use_builder":"on","_et_pb_old_content":"","_et_gb_content_width":"","footnotes":""},"class_list":["post-223","page","type-page","status-publish","hentry"],"yoast_head":"<!-- This site is optimized with the Yoast SEO plugin v27.5 - https:\/\/yoast.com\/product\/yoast-seo-wordpress\/ -->\n<title>Nieuws - E-Clap<\/title>\n<meta name=\"robots\" content=\"index, follow, max-snippet:-1, max-image-preview:large, max-video-preview:-1\" \/>\n<link rel=\"canonical\" href=\"https:\/\/www.e-clap.be\/index.php\/nl\/nieuws\/\" \/>\n<meta property=\"og:locale\" content=\"fr_FR\" \/>\n<meta property=\"og:type\" content=\"article\" \/>\n<meta property=\"og:title\" content=\"Nieuws - E-Clap\" \/>\n<meta property=\"og:description\" content=\"Deskundige op het gebied van energiestrategie Nieuws\" \/>\n<meta property=\"og:url\" content=\"https:\/\/www.e-clap.be\/index.php\/nl\/nieuws\/\" \/>\n<meta property=\"og:site_name\" content=\"E-Clap\" \/>\n<meta property=\"article:modified_time\" content=\"2020-09-28T11:01:54+00:00\" \/>\n<meta name=\"twitter:card\" content=\"summary_large_image\" \/>\n<meta name=\"twitter:label1\" content=\"Dur\u00e9e de lecture estim\u00e9e\" \/>\n\t<meta name=\"twitter:data1\" content=\"2 minutes\" \/>\n<script type=\"application\/ld+json\" class=\"yoast-schema-graph\">{\"@context\":\"https:\\\/\\\/schema.org\",\"@graph\":[{\"@type\":\"WebPage\",\"@id\":\"https:\\\/\\\/www.e-clap.be\\\/index.php\\\/nl\\\/nieuws\\\/\",\"url\":\"https:\\\/\\\/www.e-clap.be\\\/index.php\\\/nl\\\/nieuws\\\/\",\"name\":\"Nieuws - E-Clap\",\"isPartOf\":{\"@id\":\"https:\\\/\\\/www.e-clap.be\\\/#website\"},\"datePublished\":\"2020-09-07T14:56:37+00:00\",\"dateModified\":\"2020-09-28T11:01:54+00:00\",\"breadcrumb\":{\"@id\":\"https:\\\/\\\/www.e-clap.be\\\/index.php\\\/nl\\\/nieuws\\\/#breadcrumb\"},\"inLanguage\":\"fr-FR\",\"potentialAction\":[{\"@type\":\"ReadAction\",\"target\":[\"https:\\\/\\\/www.e-clap.be\\\/index.php\\\/nl\\\/nieuws\\\/\"]}]},{\"@type\":\"BreadcrumbList\",\"@id\":\"https:\\\/\\\/www.e-clap.be\\\/index.php\\\/nl\\\/nieuws\\\/#breadcrumb\",\"itemListElement\":[{\"@type\":\"ListItem\",\"position\":1,\"name\":\"Accueil\",\"item\":\"https:\\\/\\\/www.e-clap.be\\\/\"},{\"@type\":\"ListItem\",\"position\":2,\"name\":\"Nieuws\"}]},{\"@type\":\"WebSite\",\"@id\":\"https:\\\/\\\/www.e-clap.be\\\/#website\",\"url\":\"https:\\\/\\\/www.e-clap.be\\\/\",\"name\":\"E-Clap\",\"description\":\"Expert en strat\u00e9gie \u00e9nerg\u00e9tique\",\"publisher\":{\"@id\":\"https:\\\/\\\/www.e-clap.be\\\/#organization\"},\"potentialAction\":[{\"@type\":\"SearchAction\",\"target\":{\"@type\":\"EntryPoint\",\"urlTemplate\":\"https:\\\/\\\/www.e-clap.be\\\/?s={search_term_string}\"},\"query-input\":{\"@type\":\"PropertyValueSpecification\",\"valueRequired\":true,\"valueName\":\"search_term_string\"}}],\"inLanguage\":\"fr-FR\"},{\"@type\":\"Organization\",\"@id\":\"https:\\\/\\\/www.e-clap.be\\\/#organization\",\"name\":\"E-Clap\",\"url\":\"https:\\\/\\\/www.e-clap.be\\\/\",\"logo\":{\"@type\":\"ImageObject\",\"inLanguage\":\"fr-FR\",\"@id\":\"https:\\\/\\\/www.e-clap.be\\\/#\\\/schema\\\/logo\\\/image\\\/\",\"url\":\"https:\\\/\\\/www.e-clap.be\\\/wp-content\\\/uploads\\\/2020\\\/09\\\/img_Logo_e-clap.png\",\"contentUrl\":\"https:\\\/\\\/www.e-clap.be\\\/wp-content\\\/uploads\\\/2020\\\/09\\\/img_Logo_e-clap.png\",\"width\":2262,\"height\":946,\"caption\":\"E-Clap\"},\"image\":{\"@id\":\"https:\\\/\\\/www.e-clap.be\\\/#\\\/schema\\\/logo\\\/image\\\/\"},\"sameAs\":[\"https:\\\/\\\/www.linkedin.com\\\/in\\\/patrick-claessens-7b3314149\\\/\"]}]}<\/script>\n<!-- \/ Yoast SEO plugin. -->","yoast_head_json":{"title":"Nieuws - E-Clap","robots":{"index":"index","follow":"follow","max-snippet":"max-snippet:-1","max-image-preview":"max-image-preview:large","max-video-preview":"max-video-preview:-1"},"canonical":"https:\/\/www.e-clap.be\/index.php\/nl\/nieuws\/","og_locale":"fr_FR","og_type":"article","og_title":"Nieuws - E-Clap","og_description":"Deskundige op het gebied van energiestrategie Nieuws","og_url":"https:\/\/www.e-clap.be\/index.php\/nl\/nieuws\/","og_site_name":"E-Clap","article_modified_time":"2020-09-28T11:01:54+00:00","twitter_card":"summary_large_image","twitter_misc":{"Dur\u00e9e de lecture estim\u00e9e":"2 minutes"},"schema":{"@context":"https:\/\/schema.org","@graph":[{"@type":"WebPage","@id":"https:\/\/www.e-clap.be\/index.php\/nl\/nieuws\/","url":"https:\/\/www.e-clap.be\/index.php\/nl\/nieuws\/","name":"Nieuws - E-Clap","isPartOf":{"@id":"https:\/\/www.e-clap.be\/#website"},"datePublished":"2020-09-07T14:56:37+00:00","dateModified":"2020-09-28T11:01:54+00:00","breadcrumb":{"@id":"https:\/\/www.e-clap.be\/index.php\/nl\/nieuws\/#breadcrumb"},"inLanguage":"fr-FR","potentialAction":[{"@type":"ReadAction","target":["https:\/\/www.e-clap.be\/index.php\/nl\/nieuws\/"]}]},{"@type":"BreadcrumbList","@id":"https:\/\/www.e-clap.be\/index.php\/nl\/nieuws\/#breadcrumb","itemListElement":[{"@type":"ListItem","position":1,"name":"Accueil","item":"https:\/\/www.e-clap.be\/"},{"@type":"ListItem","position":2,"name":"Nieuws"}]},{"@type":"WebSite","@id":"https:\/\/www.e-clap.be\/#website","url":"https:\/\/www.e-clap.be\/","name":"E-Clap","description":"Expert en strat\u00e9gie \u00e9nerg\u00e9tique","publisher":{"@id":"https:\/\/www.e-clap.be\/#organization"},"potentialAction":[{"@type":"SearchAction","target":{"@type":"EntryPoint","urlTemplate":"https:\/\/www.e-clap.be\/?s={search_term_string}"},"query-input":{"@type":"PropertyValueSpecification","valueRequired":true,"valueName":"search_term_string"}}],"inLanguage":"fr-FR"},{"@type":"Organization","@id":"https:\/\/www.e-clap.be\/#organization","name":"E-Clap","url":"https:\/\/www.e-clap.be\/","logo":{"@type":"ImageObject","inLanguage":"fr-FR","@id":"https:\/\/www.e-clap.be\/#\/schema\/logo\/image\/","url":"https:\/\/www.e-clap.be\/wp-content\/uploads\/2020\/09\/img_Logo_e-clap.png","contentUrl":"https:\/\/www.e-clap.be\/wp-content\/uploads\/2020\/09\/img_Logo_e-clap.png","width":2262,"height":946,"caption":"E-Clap"},"image":{"@id":"https:\/\/www.e-clap.be\/#\/schema\/logo\/image\/"},"sameAs":["https:\/\/www.linkedin.com\/in\/patrick-claessens-7b3314149\/"]}]}},"_links":{"self":[{"href":"https:\/\/www.e-clap.be\/index.php\/wp-json\/wp\/v2\/pages\/223","targetHints":{"allow":["GET"]}}],"collection":[{"href":"https:\/\/www.e-clap.be\/index.php\/wp-json\/wp\/v2\/pages"}],"about":[{"href":"https:\/\/www.e-clap.be\/index.php\/wp-json\/wp\/v2\/types\/page"}],"author":[{"embeddable":true,"href":"https:\/\/www.e-clap.be\/index.php\/wp-json\/wp\/v2\/users\/1"}],"replies":[{"embeddable":true,"href":"https:\/\/www.e-clap.be\/index.php\/wp-json\/wp\/v2\/comments?post=223"}],"version-history":[{"count":7,"href":"https:\/\/www.e-clap.be\/index.php\/wp-json\/wp\/v2\/pages\/223\/revisions"}],"predecessor-version":[{"id":447,"href":"https:\/\/www.e-clap.be\/index.php\/wp-json\/wp\/v2\/pages\/223\/revisions\/447"}],"wp:attachment":[{"href":"https:\/\/www.e-clap.be\/index.php\/wp-json\/wp\/v2\/media?parent=223"}],"curies":[{"name":"wp","href":"https:\/\/api.w.org\/{rel}","templated":true}]}}